{"id":847,"date":"2020-03-08T11:53:17","date_gmt":"2020-03-08T11:53:17","guid":{"rendered":"https:\/\/varmdokompaniet.se\/?post_type=product&#038;p=847"},"modified":"2021-09-04T05:52:18","modified_gmt":"2021-09-04T05:52:18","slug":"munskydd-ffp3-5-pack","status":"publish","type":"product","link":"https:\/\/varmdokompaniet.se\/?product=munskydd-ffp3-5-pack","title":{"rendered":"Munskydd FFP3 med ventil 5-pack"},"content":{"rendered":"<h4>FFP3 halvmask med ventil \u00e4r den h\u00f6gsta skyddsklassen och \u00e4r extra effektiv\u00a0mot virus, bakterier, eller h\u00e4lsofarliga partiklar som finns i luften.<\/h4>\n<p>&nbsp;<\/p>\n<p>Anv\u00e4nder man andningsskyddet mot virus s\u00e5 rekommenderas\u00a0 FFP3 f\u00f6r b\u00e4sta skydd.<\/p>\n<p>Ventilen f\u00f6rb\u00e4ttrar andningen, samt motverkar fukt och v\u00e4rme<\/p>\n<p>&nbsp;<\/p>\n<p><strong>Vad st\u00e5r FFP3 f\u00f6r?<\/strong><\/p>\n<p>Andningsskydd delas in i tre olika klasser; FFP1, FFP2, FFP3 utefter effektivitet.<\/p>\n<ul>\n<li>FF = filtering facepiece (filtrerande halvmask)<\/li>\n<li>P = partiklar<\/li>\n<li>3= klass, d\u00e4r 3 \u00e4r den klass som har den h\u00f6gsta skyddseffekten<\/li>\n<\/ul>\n<p>&nbsp;<\/p>\n<p>CE-m\u00e4rkning CE0086, st\u00e5r f\u00f6r ett godk\u00e4nt andningskydd i kategorin FFP3.<\/p>\n<p>&nbsp;<\/p>\n<p>EN 149+A1:2009 \u00e4r en europeisk standard f\u00f6r andningsskydd,<\/p>\n<p>standarden st\u00e4ller krav b\u00e5de p\u00e5 produkten och p\u00e5 tillverkaren.<\/p>\n<p>&nbsp;<\/p>\n<h4><strong>Olika beteckningar<\/strong><\/h4>\n<p><strong>FFP3<\/strong> \u00e4ven ben\u00e4md N99 med en filterkapacitet p\u00e5 minst 99% \u00e4r det mest effektiva<\/p>\n<p>skyddet mot virus, bakterier och h\u00e4lsofarliga partiklar.<\/p>\n<p><strong>FFP2<\/strong> \u00e4ven ben\u00e4md N95 med en filterkapacitet p\u00e5 minst 95% skyddar ocks\u00e5 men<\/p>\n<p>inte i lika h\u00f6g grad.<\/p>\n<p><strong>FFP1<\/strong> \u00e4r den l\u00e4gsta klassen med en filterkapacitet p\u00e5 minst 80% och anv\u00e4nds till<\/p>\n<p>st\u00f6rsta delen inom bygg och livsmedelsindustrin.<\/p>\n","protected":false},"excerpt":{"rendered":"<p>Filtrerande halvmask med h\u00f6gsta filterklassen FFP3.<\/p>\n<p>Med ventil och justerbar n\u00e4sbrygga.<\/p>\n<p><strong><span style=\"color: #ff0000;\">MISSA INTE ATT KLICKA I FRI FRAKT VID K\u00d6P AV MUNSKYDD N\u00c4R DU SLUTF\u00d6R DIN BEST\u00c4LLNING.\u00a0<\/span><\/strong><\/p>\n<p><strong>DET \u00c4R FRI FRAKT P\u00c5 ALLA V\u00c5RA MUNSKYDD OCH DE LEVERERAS INOM 2 ARBETSDAGAR<\/strong><span class=\"more-link\"><a href=\"https:\/\/varmdokompaniet.se\/?product=munskydd-ffp3-5-pack\">Read More &rarr;<\/a><\/span><\/p>\n","protected":false},"featured_media":3062,"template":"","meta":{"jetpack_post_was_ever_published":false,"jetpack_publicize_message":"","jetpack_publicize_feature_enabled":true,"jetpack_social_post_already_shared":true,"jetpack_social_options":{"image_generator_settings":{"template":"highway","default_image_id":0,"font":"","enabled":false},"version":2}},"class_list":{"0":"entry","1":"author-varmdokompaniet","2":"has-excerpt","3":"post-847","4":"product","5":"type-product","6":"status-publish","7":"has-post-thumbnail","8":"product_cat-munskydd","9":"product_shipping_class-fri-frakt","11":"first","12":"outofstock","13":"shipping-taxable","14":"purchasable","15":"product-type-simple"},"jetpack_publicize_connections":[],"jetpack_sharing_enabled":true,"_links":{"self":[{"href":"https:\/\/varmdokompaniet.se\/index.php?rest_route=\/wp\/v2\/product\/847","targetHints":{"allow":["GET"]}}],"collection":[{"href":"https:\/\/varmdokompaniet.se\/index.php?rest_route=\/wp\/v2\/product"}],"about":[{"href":"https:\/\/varmdokompaniet.se\/index.php?rest_route=\/wp\/v2\/types\/product"}],"wp:featuredmedia":[{"embeddable":true,"href":"https:\/\/varmdokompaniet.se\/index.php?rest_route=\/wp\/v2\/media\/3062"}],"wp:attachment":[{"href":"https:\/\/varmdokompaniet.se\/index.php?rest_route=%2Fwp%2Fv2%2Fmedia&parent=847"}],"curies":[{"name":"wp","href":"https:\/\/api.w.org\/{rel}","templated":true}]}}