{"id":66,"date":"2018-11-28T18:57:40","date_gmt":"2018-11-28T18:57:40","guid":{"rendered":"http:\/\/varmdokompaniet.se\/?post_type=product&#038;p=66"},"modified":"2020-03-13T18:04:09","modified_gmt":"2020-03-13T18:04:09","slug":"k-9-bike","status":"publish","type":"product","link":"https:\/\/varmdokompaniet.se\/?product=k-9-bike","title":{"rendered":"GRANITB\u00c4NKSKIVA"},"content":{"rendered":"<p>Granit grade A. Absolut Black-Shanxi Black<\/p>\n<p>Polerad \u00f6versida samt en l\u00e5ngsida och b\u00e4gge kortsidorna med 2 mm kantfas uppe och nere.<\/p>\n<p>&nbsp;<\/p>\n<p>M\u00e5tt: L\u00e4ngd 246 cm, djup 62 cm, tjocklek 3 cm.<\/p>\n<p>Vikt: 130 kg<\/p>\n<p>&nbsp;<\/p>\n","protected":false},"excerpt":{"rendered":"<p>\u00c4kta svart granit av h\u00f6gsta kvalitet!<span class=\"more-link\"><a href=\"https:\/\/varmdokompaniet.se\/?product=k-9-bike\">Read More &rarr;<\/a><\/span><\/p>\n","protected":false},"featured_media":620,"template":"","meta":{"jetpack_post_was_ever_published":false,"jetpack_publicize_message":"","jetpack_publicize_feature_enabled":true,"jetpack_social_post_already_shared":true,"jetpack_social_options":{"image_generator_settings":{"template":"highway","default_image_id":0,"font":"","enabled":false},"version":2}},"class_list":{"0":"entry","1":"author-varmdokompaniet","2":"has-excerpt","3":"post-66","4":"product","5":"type-product","6":"status-publish","7":"has-post-thumbnail","8":"product_cat-graniten","9":"product_shipping_class-stora-produkter","11":"first","12":"outofstock","13":"sale","14":"shipping-taxable","15":"purchasable","16":"product-type-simple"},"jetpack_publicize_connections":[],"jetpack_sharing_enabled":false,"_links":{"self":[{"href":"https:\/\/varmdokompaniet.se\/index.php?rest_route=\/wp\/v2\/product\/66","targetHints":{"allow":["GET"]}}],"collection":[{"href":"https:\/\/varmdokompaniet.se\/index.php?rest_route=\/wp\/v2\/product"}],"about":[{"href":"https:\/\/varmdokompaniet.se\/index.php?rest_route=\/wp\/v2\/types\/product"}],"wp:featuredmedia":[{"embeddable":true,"href":"https:\/\/varmdokompaniet.se\/index.php?rest_route=\/wp\/v2\/media\/620"}],"wp:attachment":[{"href":"https:\/\/varmdokompaniet.se\/index.php?rest_route=%2Fwp%2Fv2%2Fmedia&parent=66"}],"curies":[{"name":"wp","href":"https:\/\/api.w.org\/{rel}","templated":true}]}}