{"id":65,"date":"2018-11-28T18:57:40","date_gmt":"2018-11-28T18:57:40","guid":{"rendered":"http:\/\/varmdokompaniet.se\/?post_type=product&#038;p=65"},"modified":"2022-07-14T20:24:16","modified_gmt":"2022-07-14T20:24:16","slug":"koken","status":"publish","type":"product","link":"https:\/\/varmdokompaniet.se\/?product=koken","title":{"rendered":"V\u00c4RMD\u00d6K\u00d6KET COMPACT"},"content":{"rendered":"<p>Utek\u00f6k i rostfritt st\u00e5l. Komplett med kran, diskho med bottenventil och l\u00e5sbara kraftiga hjul.<\/p>\n<p>Kranen kan enkelt anslutas med gardena koppling. Flexibel utloppsslang.<\/p>\n<p>K\u00f6ket \u00e4r v\u00e4ndbart vilket g\u00f6r det m\u00f6jligt att ha diskhon p\u00e5 b\u00e5de v\u00e4nster eller h\u00f6ger sida.<\/p>\n<p>Stabilt hyllplan f\u00f6r k\u00f6kstillbeh\u00f6r &#8211; drycker m.m.<\/p>\n<p>&nbsp;<\/p>\n<p>M\u00e5tt: L\u00e4ngd 100cm, bredd 50cm, h\u00f6jd 86cm.<\/p>\n","protected":false},"excerpt":{"rendered":"<p><em><strong>V\u00e4rmd\u00f6k\u00f6ket\u00a0<\/strong><\/em>&#8211; ett utek\u00f6k i elegant rostfritt st\u00e5l. Modellen compact passar till balkonger, terrasser och mindre ytor.<span class=\"more-link\"><a href=\"https:\/\/varmdokompaniet.se\/?product=koken\">Read More &rarr;<\/a><\/span><\/p>\n","protected":false},"featured_media":3020,"template":"","meta":{"jetpack_publicize_message":"","jetpack_publicize_feature_enabled":true,"jetpack_social_post_already_shared":true,"jetpack_social_options":{"image_generator_settings":{"template":"highway","default_image_id":0,"font":"","enabled":false},"version":2}},"class_list":{"0":"entry","1":"author-varmdokompaniet","2":"has-excerpt","3":"post-65","4":"product","5":"type-product","6":"status-publish","7":"has-post-thumbnail","8":"product_cat-utekoket","9":"product_shipping_class-stora-produkter","11":"first","12":"outofstock","13":"shipping-taxable","14":"purchasable","15":"product-type-simple"},"jetpack_publicize_connections":[],"jetpack_sharing_enabled":false,"_links":{"self":[{"href":"https:\/\/varmdokompaniet.se\/index.php?rest_route=\/wp\/v2\/product\/65","targetHints":{"allow":["GET"]}}],"collection":[{"href":"https:\/\/varmdokompaniet.se\/index.php?rest_route=\/wp\/v2\/product"}],"about":[{"href":"https:\/\/varmdokompaniet.se\/index.php?rest_route=\/wp\/v2\/types\/product"}],"wp:featuredmedia":[{"embeddable":true,"href":"https:\/\/varmdokompaniet.se\/index.php?rest_route=\/wp\/v2\/media\/3020"}],"wp:attachment":[{"href":"https:\/\/varmdokompaniet.se\/index.php?rest_route=%2Fwp%2Fv2%2Fmedia&parent=65"}],"curies":[{"name":"wp","href":"https:\/\/api.w.org\/{rel}","templated":true}]}}