{"id":4896,"date":"2022-04-07T17:01:50","date_gmt":"2022-04-07T17:01:50","guid":{"rendered":"https:\/\/varmdokompaniet.se\/?post_type=product&#038;p=4896"},"modified":"2025-10-12T05:38:37","modified_gmt":"2025-10-12T05:38:37","slug":"k9-citybike-el","status":"publish","type":"product","link":"https:\/\/varmdokompaniet.se\/?product=k9-citybike-el","title":{"rendered":"K9 Citybike el"},"content":{"rendered":"<p>H\u00f6jd 92 cm l\u00e4ngd 175 cm elmotor 36V 250W skivbromsar<\/p>\n","protected":false},"excerpt":{"rendered":"<div>Max belastning 120kg. Kr\u00e4ver manuell kickhj\u00e4lp i motlut.<\/div>\n<div>Levereras omonterade i kartong. L\u00e4mpliga f\u00f6r hundtr\u00e4ning.<\/div>\n<div>Laddare samt inbyggt batteri och bluetooth reglage p\u00e5 styret ing\u00e5r.<\/div>\n<div>Sista exemplaren s\u00e4ljes med kraftigt reducerat pris utan garanti bytes eller returr\u00e4tt .<\/div>\n<p><span class=\"more-link\"><a href=\"https:\/\/varmdokompaniet.se\/?product=k9-citybike-el\">Read More &rarr;<\/a><\/span><\/p>\n","protected":false},"featured_media":4895,"template":"","meta":{"jetpack_publicize_message":"","jetpack_publicize_feature_enabled":true,"jetpack_social_post_already_shared":true,"jetpack_social_options":{"image_generator_settings":{"template":"highway","default_image_id":0,"font":"","enabled":false},"version":2}},"class_list":{"0":"entry","1":"author-varmdokompaniet","2":"has-excerpt","3":"post-4896","4":"product","5":"type-product","6":"status-publish","7":"has-post-thumbnail","8":"product_cat-k-9-bike","10":"first","11":"outofstock","12":"shipping-taxable","13":"purchasable","14":"product-type-simple"},"jetpack_publicize_connections":[],"jetpack_sharing_enabled":true,"_links":{"self":[{"href":"https:\/\/varmdokompaniet.se\/index.php?rest_route=\/wp\/v2\/product\/4896","targetHints":{"allow":["GET"]}}],"collection":[{"href":"https:\/\/varmdokompaniet.se\/index.php?rest_route=\/wp\/v2\/product"}],"about":[{"href":"https:\/\/varmdokompaniet.se\/index.php?rest_route=\/wp\/v2\/types\/product"}],"wp:featuredmedia":[{"embeddable":true,"href":"https:\/\/varmdokompaniet.se\/index.php?rest_route=\/wp\/v2\/media\/4895"}],"wp:attachment":[{"href":"https:\/\/varmdokompaniet.se\/index.php?rest_route=%2Fwp%2Fv2%2Fmedia&parent=4896"}],"curies":[{"name":"wp","href":"https:\/\/api.w.org\/{rel}","templated":true}]}}