{"id":4888,"date":"2022-04-07T16:56:39","date_gmt":"2022-04-07T16:56:39","guid":{"rendered":"https:\/\/varmdokompaniet.se\/?post_type=product&#038;p=4888"},"modified":"2025-10-12T05:39:07","modified_gmt":"2025-10-12T05:39:07","slug":"k9-kickbike","status":"publish","type":"product","link":"https:\/\/varmdokompaniet.se\/?product=k9-kickbike","title":{"rendered":"K9 Kickbike"},"content":{"rendered":"<p>H\u00f6jd 92 cm l\u00e4ngd 175 cm<\/p>\n","protected":false},"excerpt":{"rendered":"<div>Max belastning 120kg.<\/div>\n<div>Levereras omonterade i kartong. L\u00e4mpliga f\u00f6r hundtr\u00e4ning.<\/div>\n<div>Sista exemplaren s\u00e4ljes med kraftigt reducerat pris utan garanti bytes -eller returr\u00e4tt.<\/div>\n<p><span class=\"more-link\"><a href=\"https:\/\/varmdokompaniet.se\/?product=k9-kickbike\">Read More &rarr;<\/a><\/span><\/p>\n","protected":false},"featured_media":4889,"template":"","meta":{"jetpack_post_was_ever_published":false,"jetpack_publicize_message":"","jetpack_publicize_feature_enabled":true,"jetpack_social_post_already_shared":true,"jetpack_social_options":{"image_generator_settings":{"template":"highway","default_image_id":0,"font":"","enabled":false},"version":2}},"class_list":{"0":"entry","1":"author-varmdokompaniet","2":"has-excerpt","3":"post-4888","4":"product","5":"type-product","6":"status-publish","7":"has-post-thumbnail","8":"product_cat-k-9-bike","10":"first","11":"outofstock","12":"shipping-taxable","13":"purchasable","14":"product-type-simple"},"jetpack_publicize_connections":[],"jetpack_sharing_enabled":true,"_links":{"self":[{"href":"https:\/\/varmdokompaniet.se\/index.php?rest_route=\/wp\/v2\/product\/4888","targetHints":{"allow":["GET"]}}],"collection":[{"href":"https:\/\/varmdokompaniet.se\/index.php?rest_route=\/wp\/v2\/product"}],"about":[{"href":"https:\/\/varmdokompaniet.se\/index.php?rest_route=\/wp\/v2\/types\/product"}],"wp:featuredmedia":[{"embeddable":true,"href":"https:\/\/varmdokompaniet.se\/index.php?rest_route=\/wp\/v2\/media\/4889"}],"wp:attachment":[{"href":"https:\/\/varmdokompaniet.se\/index.php?rest_route=%2Fwp%2Fv2%2Fmedia&parent=4888"}],"curies":[{"name":"wp","href":"https:\/\/api.w.org\/{rel}","templated":true}]}}