{"id":4882,"date":"2022-04-07T16:23:20","date_gmt":"2022-04-07T16:23:20","guid":{"rendered":"https:\/\/varmdokompaniet.se\/?post_type=product&#038;p=4882"},"modified":"2022-06-30T03:00:56","modified_gmt":"2022-06-30T03:00:56","slug":"gasolhall","status":"publish","type":"product","link":"https:\/\/varmdokompaniet.se\/?product=gasolhall","title":{"rendered":"Gasolh\u00e4ll"},"content":{"rendered":"<div>Ytterm\u00e5tt 29X50 cm inbyggnadsm\u00e5tt 27X48 cm<\/div>\n<div>Effekt lilla br\u00e4nnaren 1,8 KW och stora br\u00e4nnaren 2,4 KW totalt 4,2 KW<\/div>\n<div>Kan anv\u00e4ndas b\u00e5de ute och inomhus, skyddas mot regn, l\u00e4mpligt till utek\u00f6k under lock.<\/div>\n","protected":false},"excerpt":{"rendered":"<p>2 l\u00e5gig gasolh\u00e4ll f\u00f6r inbyggnad Nu 995:-<span class=\"more-link\"><a href=\"https:\/\/varmdokompaniet.se\/?product=gasolhall\">Read More &rarr;<\/a><\/span><\/p>\n","protected":false},"featured_media":4884,"template":"","meta":{"jetpack_publicize_message":"","jetpack_publicize_feature_enabled":true,"jetpack_social_post_already_shared":true,"jetpack_social_options":{"image_generator_settings":{"template":"highway","default_image_id":0,"font":"","enabled":false},"version":2}},"class_list":{"0":"entry","1":"author-varmdokompaniet","2":"has-excerpt","3":"post-4882","4":"product","5":"type-product","6":"status-publish","7":"has-post-thumbnail","8":"product_cat-utekoket","10":"first","11":"outofstock","12":"shipping-taxable","13":"purchasable","14":"product-type-simple"},"jetpack_publicize_connections":[],"jetpack_sharing_enabled":true,"_links":{"self":[{"href":"https:\/\/varmdokompaniet.se\/index.php?rest_route=\/wp\/v2\/product\/4882","targetHints":{"allow":["GET"]}}],"collection":[{"href":"https:\/\/varmdokompaniet.se\/index.php?rest_route=\/wp\/v2\/product"}],"about":[{"href":"https:\/\/varmdokompaniet.se\/index.php?rest_route=\/wp\/v2\/types\/product"}],"wp:featuredmedia":[{"embeddable":true,"href":"https:\/\/varmdokompaniet.se\/index.php?rest_route=\/wp\/v2\/media\/4884"}],"wp:attachment":[{"href":"https:\/\/varmdokompaniet.se\/index.php?rest_route=%2Fwp%2Fv2%2Fmedia&parent=4882"}],"curies":[{"name":"wp","href":"https:\/\/api.w.org\/{rel}","templated":true}]}}