{"id":4193,"date":"2020-12-10T14:59:04","date_gmt":"2020-12-10T14:59:04","guid":{"rendered":"https:\/\/varmdokompaniet.se\/?post_type=product&#038;p=4193"},"modified":"2022-04-21T18:08:32","modified_gmt":"2022-04-21T18:08:32","slug":"munskydd-ffp2-25-pack","status":"publish","type":"product","link":"https:\/\/varmdokompaniet.se\/?product=munskydd-ffp2-25-pack","title":{"rendered":"Munskydd FFP2 25-pack"},"content":{"rendered":"<p><strong>FFP2 halvmask \u00e4r effektiv mot virus, bakterier och h\u00e4lsofarliga partiklar.<\/strong><\/p>\n<p>EN 149+A1:2009 \u00e4r en europeisk standard f\u00f6r andningsskydd. Standarden st\u00e4ller krav p\u00e5 b\u00e5de produkten och tillverkaren.<\/p>\n<p><strong>FFP2<\/strong> \u00e4ven ben\u00e4mnd KN95 med en filterkapacitet p\u00e5 minst 95%.<\/p>\n","protected":false},"excerpt":{"rendered":"<p>Filtrerande halvmask med filterklassen FFP2.<\/p>\n<p>Med justerbar n\u00e4sbrygga.<\/p>\n<p><strong><span style=\"color: #ff0000;\">MISSA INTE ATT KLICKA I FRI FRAKT VID K\u00d6P AV MUNSKYDD N\u00c4R DU SLUTF\u00d6R DIN BEST\u00c4LLNING.<\/span>\u00a0<\/strong><\/p>\n<p><strong>DET \u00c4R FRI FRAKT P\u00c5 ALLA V\u00c5RA MUNSKYDD OCH DE LEVERERAS INOM 2 ARBETSDAGAR<\/strong><span class=\"more-link\"><a href=\"https:\/\/varmdokompaniet.se\/?product=munskydd-ffp2-25-pack\">Read More &rarr;<\/a><\/span><\/p>\n","protected":false},"featured_media":4195,"template":"","meta":{"jetpack_post_was_ever_published":false,"jetpack_publicize_message":"","jetpack_publicize_feature_enabled":true,"jetpack_social_post_already_shared":true,"jetpack_social_options":{"image_generator_settings":{"template":"highway","default_image_id":0,"font":"","enabled":false},"version":2}},"class_list":{"0":"entry","1":"author-varmdokompaniet","2":"has-excerpt","3":"post-4193","4":"product","5":"type-product","6":"status-publish","7":"has-post-thumbnail","8":"product_cat-munskydd","10":"first","11":"outofstock","12":"shipping-taxable","13":"purchasable","14":"product-type-simple"},"jetpack_publicize_connections":[],"jetpack_sharing_enabled":true,"_links":{"self":[{"href":"https:\/\/varmdokompaniet.se\/index.php?rest_route=\/wp\/v2\/product\/4193","targetHints":{"allow":["GET"]}}],"collection":[{"href":"https:\/\/varmdokompaniet.se\/index.php?rest_route=\/wp\/v2\/product"}],"about":[{"href":"https:\/\/varmdokompaniet.se\/index.php?rest_route=\/wp\/v2\/types\/product"}],"wp:featuredmedia":[{"embeddable":true,"href":"https:\/\/varmdokompaniet.se\/index.php?rest_route=\/wp\/v2\/media\/4195"}],"wp:attachment":[{"href":"https:\/\/varmdokompaniet.se\/index.php?rest_route=%2Fwp%2Fv2%2Fmedia&parent=4193"}],"curies":[{"name":"wp","href":"https:\/\/api.w.org\/{rel}","templated":true}]}}