{"id":345,"date":"2019-01-23T20:33:26","date_gmt":"2019-01-23T20:33:26","guid":{"rendered":"http:\/\/varmdokompaniet.se\/?post_type=product&#038;p=345"},"modified":"2021-06-30T20:56:36","modified_gmt":"2021-06-30T20:56:36","slug":"varmdofatoljen-grisslinge","status":"publish","type":"product","link":"https:\/\/varmdokompaniet.se\/?product=varmdofatoljen-grisslinge","title":{"rendered":"V\u00c4RMD\u00d6F\u00c5T\u00d6LJEN M\u00d6JA"},"content":{"rendered":"<p>M\u00e5tt:<\/p>\n<p>Bredd 84 cm<\/p>\n<p>H\u00f6jd 110 cm<\/p>\n<p>Djup 75 cm<\/p>\n<p>Sittdjup 50 cm<\/p>\n<p>Sitth\u00f6jd 50 cm<\/p>\n<p>Sittbredd 53 cm<\/p>\n<p>Fotpall 48&#215;48, h\u00f6jd 36 cm<\/p>\n<p>&nbsp;<\/p>\n","protected":false},"excerpt":{"rendered":"<div>F\u00e5rskinnsf\u00e5t\u00f6lj med fotpall.<\/div>\n<div>F\u00e4llbart ryggst\u00f6d och snurrbar samt justerbar<\/div>\n<div>lutning av nackst\u00f6d.<\/div>\n<div><strong>F\u00e4rg: gr\u00e5<\/strong><\/div>\n<p><span class=\"more-link\"><a href=\"https:\/\/varmdokompaniet.se\/?product=varmdofatoljen-grisslinge\">Read More &rarr;<\/a><\/span><\/p>\n","protected":false},"featured_media":3724,"template":"","meta":{"jetpack_post_was_ever_published":false,"jetpack_publicize_message":"","jetpack_publicize_feature_enabled":true,"jetpack_social_post_already_shared":true,"jetpack_social_options":{"image_generator_settings":{"template":"highway","default_image_id":0,"font":"","enabled":false},"version":2}},"class_list":{"0":"entry","1":"author-varmdokompaniet","2":"has-excerpt","3":"post-345","4":"product","5":"type-product","6":"status-publish","7":"has-post-thumbnail","8":"product_cat-fatoljen","9":"product_shipping_class-stora-produkter","11":"first","12":"outofstock","13":"shipping-taxable","14":"purchasable","15":"product-type-simple"},"jetpack_publicize_connections":[],"jetpack_sharing_enabled":false,"_links":{"self":[{"href":"https:\/\/varmdokompaniet.se\/index.php?rest_route=\/wp\/v2\/product\/345","targetHints":{"allow":["GET"]}}],"collection":[{"href":"https:\/\/varmdokompaniet.se\/index.php?rest_route=\/wp\/v2\/product"}],"about":[{"href":"https:\/\/varmdokompaniet.se\/index.php?rest_route=\/wp\/v2\/types\/product"}],"wp:featuredmedia":[{"embeddable":true,"href":"https:\/\/varmdokompaniet.se\/index.php?rest_route=\/wp\/v2\/media\/3724"}],"wp:attachment":[{"href":"https:\/\/varmdokompaniet.se\/index.php?rest_route=%2Fwp%2Fv2%2Fmedia&parent=345"}],"curies":[{"name":"wp","href":"https:\/\/api.w.org\/{rel}","templated":true}]}}