{"id":331,"date":"2018-12-10T21:22:45","date_gmt":"2018-12-10T21:22:45","guid":{"rendered":"http:\/\/varmdokompaniet.se\/?post_type=product&#038;p=331"},"modified":"2022-07-14T20:24:29","modified_gmt":"2022-07-14T20:24:29","slug":"varmdokoket-stort","status":"publish","type":"product","link":"https:\/\/varmdokompaniet.se\/?product=varmdokoket-stort","title":{"rendered":"V\u00c4RMD\u00d6K\u00d6KET LARGE"},"content":{"rendered":"<p>Utek\u00f6k i rostfritt st\u00e5l. Komplett med flexibel kran, diskho med bottenventil, durkslag och l\u00e5sbara kraftiga hjul.<\/p>\n<p>Kranen kan enkelt anslutas med gardena koppling. Flexibel utloppsslang.<\/p>\n<p>Stabilt st\u00e4llbart nedre hyllplan f\u00f6r k\u00f6kstillbeh\u00f6r &#8211; drycker m.m.<\/p>\n<p>Handduks -och redskapsh\u00e5llare p\u00e5 fr\u00e4mre och v\u00e4nster sida.<\/p>\n<p>V\u00e4derskydds\u00f6verdrag ing\u00e5r.<\/p>\n<p>&nbsp;<\/p>\n<p>M\u00e5tt: L\u00e4ngd 150cm, bredd 60cm, h\u00f6jd 90cm.<\/p>\n","protected":false},"excerpt":{"rendered":"<p><em><strong>V\u00e4rmd\u00f6k\u00f6ket\u00a0<\/strong><\/em>&#8211; ett utek\u00f6k i elegant rostfritt st\u00e5l.<span class=\"more-link\"><a href=\"https:\/\/varmdokompaniet.se\/?product=varmdokoket-stort\">Read More &rarr;<\/a><\/span><\/p>\n","protected":false},"featured_media":3015,"template":"","meta":{"jetpack_post_was_ever_published":false,"jetpack_publicize_message":"","jetpack_publicize_feature_enabled":true,"jetpack_social_post_already_shared":true,"jetpack_social_options":{"image_generator_settings":{"template":"highway","default_image_id":0,"font":"","enabled":false},"version":2}},"class_list":{"0":"entry","1":"author-varmdokompaniet","2":"has-excerpt","3":"post-331","4":"product","5":"type-product","6":"status-publish","7":"has-post-thumbnail","8":"product_cat-utekoket","9":"product_shipping_class-stora-produkter","11":"first","12":"outofstock","13":"shipping-taxable","14":"purchasable","15":"product-type-simple"},"jetpack_publicize_connections":[],"jetpack_sharing_enabled":false,"_links":{"self":[{"href":"https:\/\/varmdokompaniet.se\/index.php?rest_route=\/wp\/v2\/product\/331","targetHints":{"allow":["GET"]}}],"collection":[{"href":"https:\/\/varmdokompaniet.se\/index.php?rest_route=\/wp\/v2\/product"}],"about":[{"href":"https:\/\/varmdokompaniet.se\/index.php?rest_route=\/wp\/v2\/types\/product"}],"wp:featuredmedia":[{"embeddable":true,"href":"https:\/\/varmdokompaniet.se\/index.php?rest_route=\/wp\/v2\/media\/3015"}],"wp:attachment":[{"href":"https:\/\/varmdokompaniet.se\/index.php?rest_route=%2Fwp%2Fv2%2Fmedia&parent=331"}],"curies":[{"name":"wp","href":"https:\/\/api.w.org\/{rel}","templated":true}]}}