{"id":235,"date":"2018-12-07T16:22:29","date_gmt":"2018-12-07T16:22:29","guid":{"rendered":"http:\/\/varmdokompaniet.se\/?post_type=product&#038;p=235"},"modified":"2023-11-21T13:15:34","modified_gmt":"2023-11-21T13:15:34","slug":"varmdofatoljen-stromma","status":"publish","type":"product","link":"https:\/\/varmdokompaniet.se\/?product=varmdofatoljen-stromma","title":{"rendered":"V\u00c4RMD\u00d6F\u00c5T\u00d6LJEN STR\u00d6MMA"},"content":{"rendered":"<p>M\u00e5tt:<\/p>\n<p>Bredd 66 cm<\/p>\n<p>H\u00f6jd 111 cm<\/p>\n<p>Djup 75 cm<\/p>\n<p>Sittdjup 54 cm<\/p>\n<p>Sitth\u00f6jd 50 cm<\/p>\n<p>Sittbredd 53 cm<\/p>\n","protected":false},"excerpt":{"rendered":"<div>F\u00e5rskinnsf\u00e5t\u00f6lj med integrerat fotst\u00f6d<\/div>\n<div>samt f\u00e4llbart ryggst\u00f6d<\/div>\n<div><strong>F\u00e4rg: gr\u00e5<\/strong><\/div>\n<div><\/div>\n<div><strong><span style=\"color: #993300;\">Leverans i slutet av maj<\/span><\/strong><\/div>\n<p><span class=\"more-link\"><a href=\"https:\/\/varmdokompaniet.se\/?product=varmdofatoljen-stromma\">Read More &rarr;<\/a><\/span><\/p>\n","protected":false},"featured_media":3734,"template":"","meta":{"jetpack_publicize_message":"","jetpack_publicize_feature_enabled":true,"jetpack_social_post_already_shared":true,"jetpack_social_options":{"image_generator_settings":{"template":"highway","default_image_id":0,"font":"","enabled":false},"version":2}},"class_list":{"0":"entry","1":"author-varmdokompaniet","2":"has-excerpt","3":"post-235","4":"product","5":"type-product","6":"status-publish","7":"has-post-thumbnail","8":"product_cat-fatoljen","9":"product_shipping_class-stora-produkter","11":"first","12":"outofstock","13":"shipping-taxable","14":"purchasable","15":"product-type-simple"},"jetpack_publicize_connections":[],"jetpack_sharing_enabled":false,"_links":{"self":[{"href":"https:\/\/varmdokompaniet.se\/index.php?rest_route=\/wp\/v2\/product\/235","targetHints":{"allow":["GET"]}}],"collection":[{"href":"https:\/\/varmdokompaniet.se\/index.php?rest_route=\/wp\/v2\/product"}],"about":[{"href":"https:\/\/varmdokompaniet.se\/index.php?rest_route=\/wp\/v2\/types\/product"}],"wp:featuredmedia":[{"embeddable":true,"href":"https:\/\/varmdokompaniet.se\/index.php?rest_route=\/wp\/v2\/media\/3734"}],"wp:attachment":[{"href":"https:\/\/varmdokompaniet.se\/index.php?rest_route=%2Fwp%2Fv2%2Fmedia&parent=235"}],"curies":[{"name":"wp","href":"https:\/\/api.w.org\/{rel}","templated":true}]}}