{"id":201,"date":"2018-12-07T15:04:42","date_gmt":"2018-12-07T15:04:42","guid":{"rendered":"http:\/\/varmdokompaniet.se\/?page_id=201"},"modified":"2019-06-20T12:46:58","modified_gmt":"2019-06-20T12:46:58","slug":"kontakt","status":"publish","type":"page","link":"https:\/\/varmdokompaniet.se\/?page_id=201","title":{"rendered":"KONTAKT"},"content":{"rendered":"\t\t<div data-elementor-type=\"wp-post\" data-elementor-id=\"201\" class=\"elementor elementor-201\">\n\t\t\t\t\t\t<section class=\"elementor-section elementor-top-section elementor-element elementor-element-437aea2 elementor-section-boxed elementor-section-height-default elementor-section-height-default\" data-id=\"437aea2\" data-element_type=\"section\" data-e-type=\"section\">\n\t\t\t\t\t\t<div class=\"elementor-container elementor-column-gap-default\">\n\t\t\t\t\t<div class=\"elementor-column elementor-col-100 elementor-top-column elementor-element elementor-element-3910786\" data-id=\"3910786\" data-element_type=\"column\" data-e-type=\"column\">\n\t\t\t<div class=\"elementor-widget-wrap elementor-element-populated\">\n\t\t\t\t\t\t<div class=\"elementor-element elementor-element-260433d elementor-widget elementor-widget-heading\" data-id=\"260433d\" data-element_type=\"widget\" data-e-type=\"widget\" data-widget_type=\"heading.default\">\n\t\t\t\t<div class=\"elementor-widget-container\">\n\t\t\t\t\t<h2 class=\"elementor-heading-title elementor-size-xl\">08 - 88 86 63<\/h2>\t\t\t\t<\/div>\n\t\t\t\t<\/div>\n\t\t\t\t\t<\/div>\n\t\t<\/div>\n\t\t\t\t\t<\/div>\n\t\t<\/section>\n\t\t\t\t<section class=\"elementor-section elementor-top-section elementor-element elementor-element-38aa559 elementor-section-boxed elementor-section-height-default elementor-section-height-default\" data-id=\"38aa559\" data-element_type=\"section\" data-e-type=\"section\">\n\t\t\t\t\t\t<div class=\"elementor-container elementor-column-gap-default\">\n\t\t\t\t\t<div class=\"elementor-column elementor-col-100 elementor-top-column elementor-element elementor-element-f7d8c92\" data-id=\"f7d8c92\" data-element_type=\"column\" data-e-type=\"column\">\n\t\t\t<div class=\"elementor-widget-wrap elementor-element-populated\">\n\t\t\t\t\t\t<div class=\"elementor-element elementor-element-744b455 elementor-widget elementor-widget-heading\" data-id=\"744b455\" data-element_type=\"widget\" data-e-type=\"widget\" data-widget_type=\"heading.default\">\n\t\t\t\t<div class=\"elementor-widget-container\">\n\t\t\t\t\t<h2 class=\"elementor-heading-title elementor-size-xl\">info@varmdokompaniet.se<\/h2>\t\t\t\t<\/div>\n\t\t\t\t<\/div>\n\t\t\t\t\t<\/div>\n\t\t<\/div>\n\t\t\t\t\t<\/div>\n\t\t<\/section>\n\t\t\t\t<section class=\"elementor-section elementor-top-section elementor-element elementor-element-108f3ed elementor-section-boxed elementor-section-height-default elementor-section-height-default\" data-id=\"108f3ed\" data-element_type=\"section\" data-e-type=\"section\">\n\t\t\t\t\t\t<div class=\"elementor-container elementor-column-gap-default\">\n\t\t\t\t\t<div class=\"elementor-column elementor-col-100 elementor-top-column elementor-element elementor-element-87ddd8a\" data-id=\"87ddd8a\" data-element_type=\"column\" data-e-type=\"column\">\n\t\t\t<div class=\"elementor-widget-wrap elementor-element-populated\">\n\t\t\t\t\t\t<div class=\"elementor-element elementor-element-a3d1abd elementor-widget elementor-widget-spacer\" data-id=\"a3d1abd\" data-element_type=\"widget\" data-e-type=\"widget\" data-widget_type=\"spacer.default\">\n\t\t\t\t<div class=\"elementor-widget-container\">\n\t\t\t\t\t\t\t<div class=\"elementor-spacer\">\n\t\t\t<div class=\"elementor-spacer-inner\"><\/div>\n\t\t<\/div>\n\t\t\t\t\t\t<\/div>\n\t\t\t\t<\/div>\n\t\t\t\t\t<\/div>\n\t\t<\/div>\n\t\t\t\t\t<\/div>\n\t\t<\/section>\n\t\t\t\t<section class=\"elementor-section elementor-top-section elementor-element elementor-element-4ccbbda elementor-section-boxed elementor-section-height-default elementor-section-height-default\" data-id=\"4ccbbda\" data-element_type=\"section\" data-e-type=\"section\">\n\t\t\t\t\t\t<div class=\"elementor-container elementor-column-gap-default\">\n\t\t\t\t\t<div class=\"elementor-column elementor-col-100 elementor-top-column elementor-element elementor-element-bb3bfb7\" data-id=\"bb3bfb7\" data-element_type=\"column\" data-e-type=\"column\">\n\t\t\t<div class=\"elementor-widget-wrap elementor-element-populated\">\n\t\t\t\t\t\t<div class=\"elementor-element elementor-element-1911e11 elementor-widget elementor-widget-text-editor\" data-id=\"1911e11\" data-element_type=\"widget\" data-e-type=\"widget\" data-widget_type=\"text-editor.default\">\n\t\t\t\t<div class=\"elementor-widget-container\">\n\t\t\t\t\t\t\t\t\t<h3 style=\"text-align: center;\">Ecster Pay<\/h3><p style=\"text-align: center;\">I samarbete med Ecster erbjuder vi faktura, delbetalning, kortbetalning och Swish genom e-handelskassan Ecster Pay.\u00a0<\/p><p style=\"text-align: center;\">Genom att anv\u00e4nda kassan godk\u00e4nner du <a class=\"clearStyling\" href=\"https:\/\/www.ecster.se\/content\/shared\/documents\/terms\/userterms_ecsterpay\/html\" name=\"\" data-tracking=\"{\">Ecster Pays anv\u00e4ndarvillkor<\/a>. Genom att klicka p\u00e5 &#8221;Genomf\u00f6r k\u00f6p&#8221; accepterar du betalningsansvar, villkor f\u00f6r valt betals\u00e4tt samt godk\u00e4nner v\u00e5ra k\u00f6pvillkor.<\/p><p style=\"text-align: center;\">Hantering av all information i Ecster Pay sker krypterad med SSL.<\/p><h3 style=\"text-align: center;\">Faktura<\/h3><p style=\"text-align: center;\">I v\u00e5r butik har du m\u00f6jlighet att v\u00e4lja faktura och betala hemma i lugn och ro.<\/p><p style=\"text-align: center;\"><a href=\"https:\/\/www.ecster.se\/content\/shared\/documents\/terms\/invoice\/html\/25\" target=\"_blank\" rel=\"noopener\">Fakturavillkor<\/a>\u00a0<\/p><h3 style=\"text-align: center;\">Kortbetalning<\/h3><p style=\"text-align: center;\">Vi erbjuder kortbetalning med Visa, Mastercard och Maestro. Ingen avgift tillkommer f\u00f6r betalning med kort.<\/p><p style=\"text-align: center;\"><a href=\"https:\/\/www.ecster.se\/content\/shared\/documents\/terms\/cardpayment\/html\" name=\"\" data-tracking=\"{\">Villkor f\u00f6r kortbetalning<\/a><\/p><h3 style=\"text-align: center;\">Swish<\/h3><p style=\"text-align: center;\">\u00c4r du ansluten till Swish kan du betala via din Swish-app. \u00d6ppna upp appen i din mobila enhet och godk\u00e4nn betalningen med ditt Mobila BankID. <br \/>Efter genomf\u00f6rt k\u00f6p dras pengarna direkt fr\u00e5n ditt bankkonto. Vid eventuell retur \u00e5terbetalas pengarna till samma konto.<\/p>\t\t\t\t\t\t\t\t<\/div>\n\t\t\t\t<\/div>\n\t\t\t\t\t<\/div>\n\t\t<\/div>\n\t\t\t\t\t<\/div>\n\t\t<\/section>\n\t\t\t\t<section class=\"elementor-section elementor-top-section elementor-element elementor-element-fb4971f elementor-section-boxed elementor-section-height-default elementor-section-height-default\" data-id=\"fb4971f\" data-element_type=\"section\" data-e-type=\"section\">\n\t\t\t\t\t\t<div class=\"elementor-container elementor-column-gap-default\">\n\t\t\t\t\t<div class=\"elementor-column elementor-col-100 elementor-top-column elementor-element elementor-element-611e27a\" data-id=\"611e27a\" data-element_type=\"column\" data-e-type=\"column\">\n\t\t\t<div class=\"elementor-widget-wrap elementor-element-populated\">\n\t\t\t\t\t\t<div class=\"elementor-element elementor-element-9e6a528 elementor-widget elementor-widget-image\" data-id=\"9e6a528\" data-element_type=\"widget\" data-e-type=\"widget\" data-widget_type=\"image.default\">\n\t\t\t\t<div class=\"elementor-widget-container\">\n\t\t\t\t\t\t\t\t\t\t\t\t\t\t\t<img fetchpriority=\"high\" decoding=\"async\" width=\"200\" height=\"250\" src=\"https:\/\/varmdokompaniet.se\/wp-content\/uploads\/2019\/06\/ecster_banner_transparent.png\" class=\"attachment-large size-large wp-image-625\" alt=\"\" \/>\t\t\t\t\t\t\t\t\t\t\t\t\t\t\t<\/div>\n\t\t\t\t<\/div>\n\t\t\t\t\t<\/div>\n\t\t<\/div>\n\t\t\t\t\t<\/div>\n\t\t<\/section>\n\t\t\t\t<\/div>\n\t\t","protected":false},"excerpt":{"rendered":"<p>08 &#8211; 88 86 63 info@varmdokompaniet.se Ecster Pay I samarbete med Ecster erbjuder vi faktura, delbetalning, kortbetalning och Swish genom e-handelskassan Ecster Pay.\u00a0 Genom att anv\u00e4nda kassan godk\u00e4nner du Ecster Pays anv\u00e4ndarvillkor. Genom att klicka p\u00e5 &#8221;Genomf\u00f6r k\u00f6p&#8221; accepterar du betalningsansvar, villkor f\u00f6r valt betals\u00e4tt samt godk\u00e4nner v\u00e5ra k\u00f6pvillkor. Hantering<span class=\"more-link\"><a href=\"https:\/\/varmdokompaniet.se\/?page_id=201\">Read More &rarr;<\/a><\/span><\/p>\n","protected":false},"author":1,"featured_media":0,"parent":0,"menu_order":0,"comment_status":"closed","ping_status":"closed","template":"","meta":{"jetpack_post_was_ever_published":false,"footnotes":""},"class_list":["entry","author-varmdokompaniet","post-201","page","type-page","status-publish"],"jetpack_sharing_enabled":true,"jetpack_shortlink":"https:\/\/wp.me\/Paunqh-3f","_links":{"self":[{"href":"https:\/\/varmdokompaniet.se\/index.php?rest_route=\/wp\/v2\/pages\/201","targetHints":{"allow":["GET"]}}],"collection":[{"href":"https:\/\/varmdokompaniet.se\/index.php?rest_route=\/wp\/v2\/pages"}],"about":[{"href":"https:\/\/varmdokompaniet.se\/index.php?rest_route=\/wp\/v2\/types\/page"}],"author":[{"embeddable":true,"href":"https:\/\/varmdokompaniet.se\/index.php?rest_route=\/wp\/v2\/users\/1"}],"replies":[{"embeddable":true,"href":"https:\/\/varmdokompaniet.se\/index.php?rest_route=%2Fwp%2Fv2%2Fcomments&post=201"}],"version-history":[{"count":11,"href":"https:\/\/varmdokompaniet.se\/index.php?rest_route=\/wp\/v2\/pages\/201\/revisions"}],"predecessor-version":[{"id":626,"href":"https:\/\/varmdokompaniet.se\/index.php?rest_route=\/wp\/v2\/pages\/201\/revisions\/626"}],"wp:attachment":[{"href":"https:\/\/varmdokompaniet.se\/index.php?rest_route=%2Fwp%2Fv2%2Fmedia&parent=201"}],"curies":[{"name":"wp","href":"https:\/\/api.w.org\/{rel}","templated":true}]}}